{"id":11,"date":"2019-08-03T19:20:06","date_gmt":"2019-08-03T19:20:06","guid":{"rendered":"http:\/\/hundefreunde-aischgrund.de\/?page_id=11"},"modified":"2026-04-02T13:13:38","modified_gmt":"2026-04-02T11:13:38","slug":"impressum-und-kontak","status":"publish","type":"page","link":"https:\/\/hundefreunde-aischgrund.de\/?page_id=11","title":{"rendered":"Impressum und Kontakt"},"content":{"rendered":"\n<h1 class=\"wp-block-heading\">Hundefreunde Aischgrund e.V.<\/h1>\n\n\n\n<p>Diese Homepage wird herausgegeben von:<\/p>\n\n\n\n<p>Hundefreunde Aischgrund e.V. Neustadt a. d. Aisch<\/p>\n\n\n\n<p>Vereinsgel\u00e4nde:<\/p>\n\n\n\n<p>Am Rosenb\u00fchl, im Industriegebiet 91466 Gerhardshofen (gegen\u00fcber Schrottverwertung Beck)<\/p>\n\n\n\n<p>1. Vorsitzende: Jana Grohganz<\/p>\n\n\n\n<p>Linden 32, 91466 Gerhardshofen<\/p>\n\n\n\n<p>Tel.\u00a0\u00a0 0151 2755 2432 <\/p>\n\n\n\n<p>Mail: <a href=\"mailto:vorstand@hundefreunde-aischgrund.de\">vorstand@hundefreunde-aischgrund.de<\/a><\/p>\n\n\n\n<p>Registergericht: Amtsgericht Neustadt \/ Aisch Registernummer: 2134 \/ 2004 vom 3.12.2004<\/p>\n","protected":false},"excerpt":{"rendered":"<p>Hundefreunde Aischgrund e.V. Diese Homepage wird herausgegeben von: Hundefreunde Aischgrund e.V. Neustadt a. d. Aisch Vereinsgel\u00e4nde: Am Rosenb\u00fchl, im Industriegebiet 91466 Gerhardshofen (gegen\u00fcber Schrottverwertung Beck) 1. Vorsitzende: Jana Grohganz Linden 32, 91466 Gerhardshofen Tel.\u00a0\u00a0 0151 2755 2432 Mail: vorstand@hundefreunde-aischgrund.de Registergericht:&#8230; <a class=\"more-link\" href=\"https:\/\/hundefreunde-aischgrund.de\/?page_id=11\">Weiterlesen &rarr;<\/a><\/p>\n","protected":false},"author":2,"featured_media":0,"parent":0,"menu_order":0,"comment_status":"closed","ping_status":"closed","template":"template-nosidebar.php","meta":{"footnotes":""},"class_list":["post-11","page","type-page","status-publish","hentry"],"_links":{"self":[{"href":"https:\/\/hundefreunde-aischgrund.de\/index.php?rest_route=\/wp\/v2\/pages\/11"}],"collection":[{"href":"https:\/\/hundefreunde-aischgrund.de\/index.php?rest_route=\/wp\/v2\/pages"}],"about":[{"href":"https:\/\/hundefreunde-aischgrund.de\/index.php?rest_route=\/wp\/v2\/types\/page"}],"author":[{"embeddable":true,"href":"https:\/\/hundefreunde-aischgrund.de\/index.php?rest_route=\/wp\/v2\/users\/2"}],"replies":[{"embeddable":true,"href":"https:\/\/hundefreunde-aischgrund.de\/index.php?rest_route=%2Fwp%2Fv2%2Fcomments&post=11"}],"version-history":[{"count":6,"href":"https:\/\/hundefreunde-aischgrund.de\/index.php?rest_route=\/wp\/v2\/pages\/11\/revisions"}],"predecessor-version":[{"id":660,"href":"https:\/\/hundefreunde-aischgrund.de\/index.php?rest_route=\/wp\/v2\/pages\/11\/revisions\/660"}],"wp:attachment":[{"href":"https:\/\/hundefreunde-aischgrund.de\/index.php?rest_route=%2Fwp%2Fv2%2Fmedia&parent=11"}],"curies":[{"name":"wp","href":"https:\/\/api.w.org\/{rel}","templated":true}]}}