{"id":57,"date":"2019-08-03T19:37:06","date_gmt":"2019-08-03T19:37:06","guid":{"rendered":"http:\/\/hundefreunde-aischgrund.de\/?page_id=57"},"modified":"2024-03-15T08:48:34","modified_gmt":"2024-03-15T07:48:34","slug":"dogdance","status":"publish","type":"page","link":"https:\/\/hundefreunde-aischgrund.de\/?page_id=57","title":{"rendered":"Dogdance"},"content":{"rendered":"\n<p><strong>Dogdance<\/strong>&nbsp; f\u00f6rdert\n die Kreativit\u00e4t und das Miteinander von Mensch und Hund. Mit Hilfe von \npositiver Motivation mit dem Clicker erarbeiten wir gew\u00fcnschte Tricks \nund verketten diese mit freudiger Fu\u00dfarbeit zu einer t\u00e4nzerischen \nChoreografie.<\/p>\n\n\n\n<p>Hierbei wird unser Vierbeiner sowohl geistig als \nauch k\u00f6rperlich ausgelastet, Spa\u00df und Freude auf sechs Beinen. Die \nGruppe ist auf maximal 6 Teilnehmer beschr\u00e4nkt.<\/p>\n\n\n\n<p>Ansprechpartnerin: Britta Waltersk\u00f6tter<\/p>\n\n\n\n<figure class=\"wp-block-image size-large\"><img loading=\"lazy\" decoding=\"async\" width=\"1024\" height=\"683\" src=\"https:\/\/hundefreunde-aischgrund.de\/wp-content\/uploads\/2024\/03\/IMG_3267-1-1024x683.jpeg\" alt=\"\" class=\"wp-image-458\" srcset=\"https:\/\/hundefreunde-aischgrund.de\/wp-content\/uploads\/2024\/03\/IMG_3267-1-1024x683.jpeg 1024w, https:\/\/hundefreunde-aischgrund.de\/wp-content\/uploads\/2024\/03\/IMG_3267-1-300x200.jpeg 300w, https:\/\/hundefreunde-aischgrund.de\/wp-content\/uploads\/2024\/03\/IMG_3267-1-768x512.jpeg 768w, https:\/\/hundefreunde-aischgrund.de\/wp-content\/uploads\/2024\/03\/IMG_3267-1-1536x1024.jpeg 1536w, https:\/\/hundefreunde-aischgrund.de\/wp-content\/uploads\/2024\/03\/IMG_3267-1-2048x1365.jpeg 2048w, https:\/\/hundefreunde-aischgrund.de\/wp-content\/uploads\/2024\/03\/IMG_3267-1-600x400.jpeg 600w, https:\/\/hundefreunde-aischgrund.de\/wp-content\/uploads\/2024\/03\/IMG_3267-1-945x630.jpeg 945w\" sizes=\"(max-width: 1024px) 100vw, 1024px\" \/><\/figure>\n","protected":false},"excerpt":{"rendered":"<p>Dogdance&nbsp; f\u00f6rdert die Kreativit\u00e4t und das Miteinander von Mensch und Hund. Mit Hilfe von positiver Motivation mit dem Clicker erarbeiten wir gew\u00fcnschte Tricks und verketten diese mit freudiger Fu\u00dfarbeit zu einer t\u00e4nzerischen Choreografie. Hierbei wird unser Vierbeiner sowohl geistig als&#8230; <a class=\"more-link\" href=\"https:\/\/hundefreunde-aischgrund.de\/?page_id=57\">Weiterlesen &rarr;<\/a><\/p>\n","protected":false},"author":2,"featured_media":0,"parent":0,"menu_order":0,"comment_status":"closed","ping_status":"closed","template":"template-nosidebar.php","meta":{"footnotes":""},"class_list":["post-57","page","type-page","status-publish","hentry"],"_links":{"self":[{"href":"https:\/\/hundefreunde-aischgrund.de\/index.php?rest_route=\/wp\/v2\/pages\/57"}],"collection":[{"href":"https:\/\/hundefreunde-aischgrund.de\/index.php?rest_route=\/wp\/v2\/pages"}],"about":[{"href":"https:\/\/hundefreunde-aischgrund.de\/index.php?rest_route=\/wp\/v2\/types\/page"}],"author":[{"embeddable":true,"href":"https:\/\/hundefreunde-aischgrund.de\/index.php?rest_route=\/wp\/v2\/users\/2"}],"replies":[{"embeddable":true,"href":"https:\/\/hundefreunde-aischgrund.de\/index.php?rest_route=%2Fwp%2Fv2%2Fcomments&post=57"}],"version-history":[{"count":4,"href":"https:\/\/hundefreunde-aischgrund.de\/index.php?rest_route=\/wp\/v2\/pages\/57\/revisions"}],"predecessor-version":[{"id":459,"href":"https:\/\/hundefreunde-aischgrund.de\/index.php?rest_route=\/wp\/v2\/pages\/57\/revisions\/459"}],"wp:attachment":[{"href":"https:\/\/hundefreunde-aischgrund.de\/index.php?rest_route=%2Fwp%2Fv2%2Fmedia&parent=57"}],"curies":[{"name":"wp","href":"https:\/\/api.w.org\/{rel}","templated":true}]}}