{"id":64,"date":"2019-08-03T19:39:18","date_gmt":"2019-08-03T19:39:18","guid":{"rendered":"http:\/\/hundefreunde-aischgrund.de\/?page_id=64"},"modified":"2025-03-04T09:08:20","modified_gmt":"2025-03-04T08:08:20","slug":"rally-obedience","status":"publish","type":"page","link":"https:\/\/hundefreunde-aischgrund.de\/?page_id=64","title":{"rendered":"Rally Obedience"},"content":{"rendered":"\n<p><strong>Rally Obedience<\/strong> ist eine relativ junge Sportart mit dem Hund, die Ende der 90er in den USA als etwas lockere Alternative zur Sportart Obedience &#8211; in der pr\u00e4zise Arbeit ganz gro\u00df geschrieben wird &#8211; entwickelt wurde.<\/p>\n\n\n\n<p>Rally Obedience ist f\u00fcr jeden geeignet. Vom reinen Freizeitsportler bis hin zu jenen mit Wettkampfambitionen, vom flinken Sporthund bis zum Seniorhund mit Handicap, ob Kind oder Erwachsener, alle kommen bei Rally Obedience auf ihre Kosten.<\/p>\n\n\n\n<p>Bei diesem Sport darf der Mensch seinen Hund immer anfeuern und loben, auch im Turnier. Gemischt mit einer Prise Action und einem guten Schuss Spa\u00df geht es &#8222;bei Fuss&#8220;&nbsp; durch die verschiedenen Stationen, die jedes Mal in einem neuen Parcours zusammengestellt werden.<\/p>\n\n\n\n<p>Die Stationen bestehen aus verschiedenen \u00dcbungen wie Wendungen, Richtungs- und Tempowechsel, Positionen wie Sitz, Platz, Steh und der Wechsel zwischen diesen.<\/p>\n\n\n\n<p>Auch Pylonen werden in unterschiedlichen Figuren aufgestellt und beispielsweise als Slalom in den Parcours integriert.<\/p>\n\n\n\n<p>Unser Training findet immer montags und dienstags statt, Zuschauer und Interessierte sind herzlich willkommen.<\/p>\n\n\n\n<p>Ansprechpartnerin: Krimhild Ingrisch, Manuela\u00a0Rieger\u00a0und\u00a0Britta Waltersk\u00f6tter, Jana Grohganz, Jutta M\u00fcck<\/p>\n","protected":false},"excerpt":{"rendered":"<p>Rally Obedience ist eine relativ junge Sportart mit dem Hund, die Ende der 90er in den USA als etwas lockere Alternative zur Sportart Obedience &#8211; in der pr\u00e4zise Arbeit ganz gro\u00df geschrieben wird &#8211; entwickelt wurde. Rally Obedience ist f\u00fcr&#8230; <a class=\"more-link\" href=\"https:\/\/hundefreunde-aischgrund.de\/?page_id=64\">Weiterlesen &rarr;<\/a><\/p>\n","protected":false},"author":2,"featured_media":0,"parent":0,"menu_order":0,"comment_status":"closed","ping_status":"closed","template":"","meta":{"footnotes":""},"class_list":["post-64","page","type-page","status-publish","hentry"],"_links":{"self":[{"href":"https:\/\/hundefreunde-aischgrund.de\/index.php?rest_route=\/wp\/v2\/pages\/64"}],"collection":[{"href":"https:\/\/hundefreunde-aischgrund.de\/index.php?rest_route=\/wp\/v2\/pages"}],"about":[{"href":"https:\/\/hundefreunde-aischgrund.de\/index.php?rest_route=\/wp\/v2\/types\/page"}],"author":[{"embeddable":true,"href":"https:\/\/hundefreunde-aischgrund.de\/index.php?rest_route=\/wp\/v2\/users\/2"}],"replies":[{"embeddable":true,"href":"https:\/\/hundefreunde-aischgrund.de\/index.php?rest_route=%2Fwp%2Fv2%2Fcomments&post=64"}],"version-history":[{"count":4,"href":"https:\/\/hundefreunde-aischgrund.de\/index.php?rest_route=\/wp\/v2\/pages\/64\/revisions"}],"predecessor-version":[{"id":602,"href":"https:\/\/hundefreunde-aischgrund.de\/index.php?rest_route=\/wp\/v2\/pages\/64\/revisions\/602"}],"wp:attachment":[{"href":"https:\/\/hundefreunde-aischgrund.de\/index.php?rest_route=%2Fwp%2Fv2%2Fmedia&parent=64"}],"curies":[{"name":"wp","href":"https:\/\/api.w.org\/{rel}","templated":true}]}}