{"id":67,"date":"2019-08-03T19:39:57","date_gmt":"2019-08-03T19:39:57","guid":{"rendered":"http:\/\/hundefreunde-aischgrund.de\/?page_id=67"},"modified":"2025-05-12T09:53:03","modified_gmt":"2025-05-12T07:53:03","slug":"agility","status":"publish","type":"page","link":"https:\/\/hundefreunde-aischgrund.de\/?page_id=67","title":{"rendered":"Agility"},"content":{"rendered":"\n<p>Was ist eigentlich Agility?<\/p>\n\n\n<div class=\"wp-block-image\">\n<figure class=\"alignright is-resized\"><img loading=\"lazy\" decoding=\"async\" width=\"683\" height=\"1024\" src=\"https:\/\/hundefreunde-aischgrund.de\/wp-content\/uploads\/2019\/08\/090927-1520-50-683x1024.jpg\" alt=\"\" class=\"wp-image-155\" style=\"width:342px;height:512px\" srcset=\"https:\/\/hundefreunde-aischgrund.de\/wp-content\/uploads\/2019\/08\/090927-1520-50-683x1024.jpg 683w, https:\/\/hundefreunde-aischgrund.de\/wp-content\/uploads\/2019\/08\/090927-1520-50-200x300.jpg 200w, https:\/\/hundefreunde-aischgrund.de\/wp-content\/uploads\/2019\/08\/090927-1520-50-768x1152.jpg 768w, https:\/\/hundefreunde-aischgrund.de\/wp-content\/uploads\/2019\/08\/090927-1520-50-945x1418.jpg 945w, https:\/\/hundefreunde-aischgrund.de\/wp-content\/uploads\/2019\/08\/090927-1520-50-600x900.jpg 600w, https:\/\/hundefreunde-aischgrund.de\/wp-content\/uploads\/2019\/08\/090927-1520-50.jpg 2048w\" sizes=\"(max-width: 683px) 100vw, 683px\" \/><\/figure><\/div>\n\n\n<p>Agility, zu deutsch Beh\u00e4ndigkeit, Gewandtheit, ist eine aus England kommende Hundesportart, die vor allem in den westeurop\u00e4ischen L\u00e4ndern eine gro\u00dfe Anh\u00e4ngerschaft gewonnen hat.<\/p>\n\n\n\n<p>Agility ist ein Freizeitsport f\u00fcr Hund und Mensch, in dessen Mittelpunkt eine Hindernisparcours steht. Es ist eine Disziplin, die allen Hunden offen steht. Sie besteht darin, die Hunde verschiedene Hindernisse \u00fcberwinden zu lassen, mit der Absicht, ihre Intelligenz und ihre Gewandtheit zu erproben.<\/p>\n\n\n\n<p>Ein Agilityparcours setzt sich aus 12-20 Hindernissen zusammen, die entweder \u00fcbersprungen, durchlaufen oder erklommen werden m\u00fcssen. Die Mindestfl\u00e4che betr\u00e4gt 20 mal 40 Meter, die dabei zu bew\u00e4ltigende Strecke 100-200 Meter. Es geht darum, alle Hindernisse in schnellst m\u00f6glicher Zeit, ohne Fehler und ohne Zeit\u00fcberschreitung zu meistern. Die Hindernisse und der Parcours werden ohne Leine und Halsband und nur durch Stimme und Handzeichen bew\u00e4ltigt. Das bedeutet, dass diese Disziplin eine gute Harmonie zwischen Hund und seinem F\u00fchrer voraussetzt. Es ist also notwendig, dass der Hundef\u00fchrer die elementaren Grundlagen von Erziehung und Gehorsam besitzt.<\/p>\n\n\n<div class=\"wp-block-image\">\n<figure class=\"aligncenter is-resized\"><img loading=\"lazy\" decoding=\"async\" width=\"1024\" height=\"683\" src=\"https:\/\/hundefreunde-aischgrund.de\/wp-content\/uploads\/2019\/08\/090927-1515-52a-1024x683.jpg\" alt=\"\" class=\"wp-image-157\" style=\"width:512px;height:342px\" srcset=\"https:\/\/hundefreunde-aischgrund.de\/wp-content\/uploads\/2019\/08\/090927-1515-52a-1024x683.jpg 1024w, https:\/\/hundefreunde-aischgrund.de\/wp-content\/uploads\/2019\/08\/090927-1515-52a-300x200.jpg 300w, https:\/\/hundefreunde-aischgrund.de\/wp-content\/uploads\/2019\/08\/090927-1515-52a-768x512.jpg 768w, https:\/\/hundefreunde-aischgrund.de\/wp-content\/uploads\/2019\/08\/090927-1515-52a-945x630.jpg 945w, https:\/\/hundefreunde-aischgrund.de\/wp-content\/uploads\/2019\/08\/090927-1515-52a-600x400.jpg 600w\" sizes=\"(max-width: 1024px) 100vw, 1024px\" \/><\/figure><\/div>\n\n\n<p>Geschichte dieser Hundesportart:<\/p>\n\n\n\n<p>Parallel zum Breitensport entwickelte sich im hunden\u00e4rrischen England das &#8222;Handling&#8220;, bei dem Hundebesitzer die gegenseitige Harmonie im Mensch-Tier-Verh\u00e4ltnis demonstrierten.<\/p>\n\n\n\n<p>1977 wurde anl\u00e4sslich der Crufts Dog Show das heutige Agility erfunden. John Varley, Mitglied des Entertaining-Kommittees von Crufts, baute, um den Besuchern mehr Unterhaltung bieten zu k\u00f6nnen, einen Pferdeparcours mit leicht abgewandelten Hindernissen auf und war \u00fcberrascht von der sensationellen Resonanz der Darbietung. F\u00fcnf Jahre sp\u00e4ter entstanden die ersten Agility-Vereine in England, deren Mitgliederzahl rasant wuchs.<\/p>\n\n\n\n<p>1988 wurde Agility erstmals im deutschsprachigem Raum als neue Hundesportart akzeptiert. Anl\u00e4sslich der IHA (Internationale Hundeausstellung) in Genf wurde die erste inoffizielle Agility-Europameisterschaft durchgef\u00fchrt. Noch im selben Jahr erarbeitete die Societ\u00e9 Centrale Canine aus Frankreich ein Agility-Reglement.<\/p>\n\n\n\n<p>Was wird im <strong>Anf\u00e4ngerkurs<\/strong> gemacht ?<\/p>\n\n\n\n<ul class=\"wp-block-list\">\n<li>Erarbeiten der einzelnen Ger\u00e4te<\/li>\n\n\n\n<li>Kennenlernen von F\u00fchrtechniken<\/li>\n\n\n\n<li>Bew\u00e4ltigung einfacher Parcours<\/li>\n<\/ul>\n\n\n\n<p>In der <strong>Agilitygruppe f\u00fcr Fortgeschrittene<\/strong> erarbeiten wir weitere Ger\u00e4te (Mauer, Wippe, Reifen), erweitern und verbessern die F\u00fchrtechnik und lernen, den Parcours \u201ezu lesen\u201c. Ziel dabei ist es, dass jeder Hundef\u00fchrer die Problemstellen im Parcours erkennen lernt und f\u00fcr sich und seinen Hund den optimalen Weg und die passende F\u00fchrweise findet. Hierbei legen wir besonderen Wert auf Gesundheit, Harmonie und Teambindung. Eine Turniergruppe gibt es momentan nicht bei den HFA.<\/p>\n\n\n\n<p><\/p>\n\n\n\n<p>Ansprechpartner: Melanie Kirchgessner<\/p>\n","protected":false},"excerpt":{"rendered":"<p>Was ist eigentlich Agility? Agility, zu deutsch Beh\u00e4ndigkeit, Gewandtheit, ist eine aus England kommende Hundesportart, die vor allem in den westeurop\u00e4ischen L\u00e4ndern eine gro\u00dfe Anh\u00e4ngerschaft gewonnen hat. Agility ist ein Freizeitsport f\u00fcr Hund und Mensch, in dessen Mittelpunkt eine Hindernisparcours&#8230; <a class=\"more-link\" href=\"https:\/\/hundefreunde-aischgrund.de\/?page_id=67\">Weiterlesen &rarr;<\/a><\/p>\n","protected":false},"author":2,"featured_media":0,"parent":0,"menu_order":0,"comment_status":"closed","ping_status":"closed","template":"template-fullwidth.php","meta":{"footnotes":""},"class_list":["post-67","page","type-page","status-publish","hentry"],"_links":{"self":[{"href":"https:\/\/hundefreunde-aischgrund.de\/index.php?rest_route=\/wp\/v2\/pages\/67"}],"collection":[{"href":"https:\/\/hundefreunde-aischgrund.de\/index.php?rest_route=\/wp\/v2\/pages"}],"about":[{"href":"https:\/\/hundefreunde-aischgrund.de\/index.php?rest_route=\/wp\/v2\/types\/page"}],"author":[{"embeddable":true,"href":"https:\/\/hundefreunde-aischgrund.de\/index.php?rest_route=\/wp\/v2\/users\/2"}],"replies":[{"embeddable":true,"href":"https:\/\/hundefreunde-aischgrund.de\/index.php?rest_route=%2Fwp%2Fv2%2Fcomments&post=67"}],"version-history":[{"count":6,"href":"https:\/\/hundefreunde-aischgrund.de\/index.php?rest_route=\/wp\/v2\/pages\/67\/revisions"}],"predecessor-version":[{"id":611,"href":"https:\/\/hundefreunde-aischgrund.de\/index.php?rest_route=\/wp\/v2\/pages\/67\/revisions\/611"}],"wp:attachment":[{"href":"https:\/\/hundefreunde-aischgrund.de\/index.php?rest_route=%2Fwp%2Fv2%2Fmedia&parent=67"}],"curies":[{"name":"wp","href":"https:\/\/api.w.org\/{rel}","templated":true}]}}